{"id":300,"date":"2026-03-08T02:21:53","date_gmt":"2026-03-08T02:21:53","guid":{"rendered":"https:\/\/mextal.com.mx\/?page_id=300"},"modified":"2026-03-08T02:28:20","modified_gmt":"2026-03-08T02:28:20","slug":"elementor-pagina-300","status":"publish","type":"page","link":"https:\/\/mextal.com.mx\/?page_id=300","title":{"rendered":"Filosofia"},"content":{"rendered":"\t\t<div data-elementor-type=\"wp-page\" data-elementor-id=\"300\" class=\"elementor elementor-300\">\n\t\t\t\t\t\t<section class=\"elementor-section elementor-top-section elementor-element elementor-element-bf336f2 elementor-section-full_width elementor-section-height-default elementor-section-height-default\" data-id=\"bf336f2\" data-element_type=\"section\" data-e-type=\"section\">\n\t\t\t\t\t\t<div class=\"elementor-container elementor-column-gap-default\">\n\t\t\t\t\t<div class=\"elementor-column elementor-col-100 elementor-top-column elementor-element elementor-element-42e7579\" data-id=\"42e7579\" data-element_type=\"column\" data-e-type=\"column\">\n\t\t\t<div class=\"elementor-widget-wrap elementor-element-populated\">\n\t\t\t\t\t\t<div class=\"elementor-element elementor-element-61949c8 elementor-widget__width-inherit elementor-widget elementor-widget-spacer\" data-id=\"61949c8\" data-element_type=\"widget\" data-e-type=\"widget\" data-widget_type=\"spacer.default\">\n\t\t\t\t<div class=\"elementor-widget-container\">\n\t\t\t\t\t\t\t<div class=\"elementor-spacer\">\n\t\t\t<div class=\"elementor-spacer-inner\"><\/div>\n\t\t<\/div>\n\t\t\t\t\t\t<\/div>\n\t\t\t\t<\/div>\n\t\t\t\t\t<\/div>\n\t\t<\/div>\n\t\t\t\t\t<\/div>\n\t\t<\/section>\n\t\t\t\t<section class=\"elementor-section elementor-top-section elementor-element elementor-element-d86ce87 elementor-section-full_width elementor-section-height-default elementor-section-height-default\" data-id=\"d86ce87\" data-element_type=\"section\" data-e-type=\"section\">\n\t\t\t\t\t\t<div class=\"elementor-container elementor-column-gap-default\">\n\t\t\t\t\t<div class=\"elementor-column elementor-col-100 elementor-top-column elementor-element elementor-element-b9a7999\" data-id=\"b9a7999\" data-element_type=\"column\" data-e-type=\"column\">\n\t\t\t<div class=\"elementor-widget-wrap elementor-element-populated\">\n\t\t\t\t\t\t<div class=\"elementor-element elementor-element-052a00a elementor-widget elementor-widget-heading\" data-id=\"052a00a\" data-element_type=\"widget\" data-e-type=\"widget\" data-widget_type=\"heading.default\">\n\t\t\t\t<div class=\"elementor-widget-container\">\n\t\t\t\t\t<h2 class=\"elementor-heading-title elementor-size-default\"><b>Nuestra filosof\u00eda<\/b><\/h2>\t\t\t\t<\/div>\n\t\t\t\t<\/div>\n\t\t\t\t\t<\/div>\n\t\t<\/div>\n\t\t\t\t\t<\/div>\n\t\t<\/section>\n\t\t\t\t<section class=\"elementor-section elementor-top-section elementor-element elementor-element-d40142f elementor-section-boxed elementor-section-height-default elementor-section-height-default\" data-id=\"d40142f\" data-element_type=\"section\" data-e-type=\"section\">\n\t\t\t\t\t\t<div class=\"elementor-container elementor-column-gap-default\">\n\t\t\t\t\t<div class=\"elementor-column elementor-col-50 elementor-top-column elementor-element elementor-element-42845dd\" data-id=\"42845dd\" data-element_type=\"column\" data-e-type=\"column\">\n\t\t\t<div class=\"elementor-widget-wrap elementor-element-populated\">\n\t\t\t\t\t\t<div class=\"elementor-element elementor-element-04ce1a7 elementor-widget elementor-widget-heading\" data-id=\"04ce1a7\" data-element_type=\"widget\" data-e-type=\"widget\" data-widget_type=\"heading.default\">\n\t\t\t\t<div class=\"elementor-widget-container\">\n\t\t\t\t\t<h2 class=\"elementor-heading-title elementor-size-default\">MISI\u00d3N<\/h2>\t\t\t\t<\/div>\n\t\t\t\t<\/div>\n\t\t\t\t<div class=\"elementor-element elementor-element-bdd6900 elementor-widget elementor-widget-text-editor\" data-id=\"bdd6900\" data-element_type=\"widget\" data-e-type=\"widget\" data-widget_type=\"text-editor.default\">\n\t\t\t\t<div class=\"elementor-widget-container\">\n\t\t\t\t\t\t\t\t\t<p>Transformar ideas en espacios funcionales, facilitar el dise\u00f1o, la remodelaci\u00f3n y la gesti\u00f3n de la construcci\u00f3n mediante tecnolog\u00eda de vanguardia, proporcionar soluciones integrales de mantenimiento preventivo y correctivo, garantizando la m\u00e1xima operatividad, seguridad y eficiencia de los equipos de nuestros clientes con el uso de tecnolog\u00eda eficiente y personal altamente capacitado.<\/p>\t\t\t\t\t\t\t\t<\/div>\n\t\t\t\t<\/div>\n\t\t\t\t\t<\/div>\n\t\t<\/div>\n\t\t\t\t<div class=\"elementor-column elementor-col-50 elementor-top-column elementor-element elementor-element-67bd606\" data-id=\"67bd606\" data-element_type=\"column\" data-e-type=\"column\">\n\t\t\t<div class=\"elementor-widget-wrap elementor-element-populated\">\n\t\t\t\t\t\t<div class=\"elementor-element elementor-element-6366410 elementor-widget elementor-widget-image\" data-id=\"6366410\" data-element_type=\"widget\" data-e-type=\"widget\" data-widget_type=\"image.default\">\n\t\t\t\t<div class=\"elementor-widget-container\">\n\t\t\t\t\t\t\t\t\t\t\t\t\t\t\t<img fetchpriority=\"high\" decoding=\"async\" width=\"1024\" height=\"683\" src=\"https:\/\/mextal.com.mx\/wp-content\/uploads\/2026\/03\/paul-skorupskas-7KLa-xLbSXA-unsplash-1024x683.jpg\" class=\"attachment-large size-large wp-image-315\" alt=\"\" srcset=\"https:\/\/mextal.com.mx\/wp-content\/uploads\/2026\/03\/paul-skorupskas-7KLa-xLbSXA-unsplash-1024x683.jpg 1024w, https:\/\/mextal.com.mx\/wp-content\/uploads\/2026\/03\/paul-skorupskas-7KLa-xLbSXA-unsplash-300x200.jpg 300w, https:\/\/mextal.com.mx\/wp-content\/uploads\/2026\/03\/paul-skorupskas-7KLa-xLbSXA-unsplash-768x512.jpg 768w, https:\/\/mextal.com.mx\/wp-content\/uploads\/2026\/03\/paul-skorupskas-7KLa-xLbSXA-unsplash-1536x1024.jpg 1536w, https:\/\/mextal.com.mx\/wp-content\/uploads\/2026\/03\/paul-skorupskas-7KLa-xLbSXA-unsplash-2048x1365.jpg 2048w\" sizes=\"(max-width: 1024px) 100vw, 1024px\" \/>\t\t\t\t\t\t\t\t\t\t\t\t\t\t\t<\/div>\n\t\t\t\t<\/div>\n\t\t\t\t\t<\/div>\n\t\t<\/div>\n\t\t\t\t\t<\/div>\n\t\t<\/section>\n\t\t\t\t<section class=\"elementor-section elementor-top-section elementor-element elementor-element-c4ec315 elementor-section-boxed elementor-section-height-default elementor-section-height-default\" data-id=\"c4ec315\" data-element_type=\"section\" data-e-type=\"section\">\n\t\t\t\t\t\t<div class=\"elementor-container elementor-column-gap-default\">\n\t\t\t\t\t<div class=\"elementor-column elementor-col-100 elementor-top-column elementor-element elementor-element-30f24cb\" data-id=\"30f24cb\" data-element_type=\"column\" data-e-type=\"column\">\n\t\t\t<div class=\"elementor-widget-wrap elementor-element-populated\">\n\t\t\t\t\t\t<div class=\"elementor-element elementor-element-2ac9f82 elementor-widget elementor-widget-spacer\" data-id=\"2ac9f82\" data-element_type=\"widget\" data-e-type=\"widget\" data-widget_type=\"spacer.default\">\n\t\t\t\t<div class=\"elementor-widget-container\">\n\t\t\t\t\t\t\t<div class=\"elementor-spacer\">\n\t\t\t<div class=\"elementor-spacer-inner\"><\/div>\n\t\t<\/div>\n\t\t\t\t\t\t<\/div>\n\t\t\t\t<\/div>\n\t\t\t\t\t<\/div>\n\t\t<\/div>\n\t\t\t\t\t<\/div>\n\t\t<\/section>\n\t\t\t\t<section class=\"elementor-section elementor-top-section elementor-element elementor-element-adeb9f5 elementor-section-boxed elementor-section-height-default elementor-section-height-default\" data-id=\"adeb9f5\" data-element_type=\"section\" data-e-type=\"section\">\n\t\t\t\t\t\t<div class=\"elementor-container elementor-column-gap-default\">\n\t\t\t\t\t<div class=\"elementor-column elementor-col-50 elementor-top-column elementor-element elementor-element-25999e9\" data-id=\"25999e9\" data-element_type=\"column\" data-e-type=\"column\">\n\t\t\t<div class=\"elementor-widget-wrap\">\n\t\t\t\t\t\t\t<\/div>\n\t\t<\/div>\n\t\t\t\t<div class=\"elementor-column elementor-col-50 elementor-top-column elementor-element elementor-element-17357f1\" data-id=\"17357f1\" data-element_type=\"column\" data-e-type=\"column\">\n\t\t\t<div class=\"elementor-widget-wrap elementor-element-populated\">\n\t\t\t\t\t\t<div class=\"elementor-element elementor-element-c22841c elementor-widget elementor-widget-heading\" data-id=\"c22841c\" data-element_type=\"widget\" data-e-type=\"widget\" data-widget_type=\"heading.default\">\n\t\t\t\t<div class=\"elementor-widget-container\">\n\t\t\t\t\t<h2 class=\"elementor-heading-title elementor-size-default\">VISI\u00d3N<\/h2>\t\t\t\t<\/div>\n\t\t\t\t<\/div>\n\t\t\t\t\t<\/div>\n\t\t<\/div>\n\t\t\t\t\t<\/div>\n\t\t<\/section>\n\t\t\t\t<\/div>\n\t\t","protected":false},"excerpt":{"rendered":"<p>Nuestra filosof\u00eda MISI\u00d3N Transformar ideas en espacios funcionales, facilitar el dise\u00f1o, la remodelaci\u00f3n y la gesti\u00f3n de la construcci\u00f3n mediante tecnolog\u00eda de vanguardia, proporcionar soluciones integrales de mantenimiento preventivo y correctivo, garantizando la m\u00e1xima operatividad, seguridad y eficiencia de los equipos de nuestros clientes con el uso de tecnolog\u00eda eficiente y personal altamente capacitado. VISI\u00d3N<\/p>\n","protected":false},"author":82,"featured_media":0,"parent":0,"menu_order":0,"comment_status":"closed","ping_status":"closed","template":"","meta":{"site-sidebar-layout":"no-sidebar","site-content-layout":"page-builder","ast-site-content-layout":"full-width-container","site-content-style":"default","site-sidebar-style":"default","ast-global-header-display":"","ast-banner-title-visibility":"","ast-main-header-display":"","ast-hfb-above-header-display":"","ast-hfb-below-header-display":"","ast-hfb-mobile-header-display":"","site-post-title":"disabled","ast-breadcrumbs-content":"","ast-featured-img":"disabled","footer-sml-layout":"","ast-disable-related-posts":"","theme-transparent-header-meta":"","adv-header-id-meta":"","stick-header-meta":"","header-above-stick-meta":"","header-main-stick-meta":"","header-below-stick-meta":"","astra-migrate-meta-layouts":"default","ast-page-background-enabled":"default","ast-page-background-meta":{"desktop":{"background-color":"var(--ast-global-color-4)","background-image":"","background-repeat":"repeat","background-position":"center center","background-size":"auto","background-attachment":"scroll","background-type":"","background-media":"","overlay-type":"","overlay-color":"","overlay-opacity":"","overlay-gradient":""},"tablet":{"background-color":"","background-image":"","background-repeat":"repeat","background-position":"center center","background-size":"auto","background-attachment":"scroll","background-type":"","background-media":"","overlay-type":"","overlay-color":"","overlay-opacity":"","overlay-gradient":""},"mobile":{"background-color":"","background-image":"","background-repeat":"repeat","background-position":"center center","background-size":"auto","background-attachment":"scroll","background-type":"","background-media":"","overlay-type":"","overlay-color":"","overlay-opacity":"","overlay-gradient":""}},"ast-content-background-meta":{"desktop":{"background-color":"var(--ast-global-color-5)","background-image":"","background-repeat":"repeat","background-position":"center center","background-size":"auto","background-attachment":"scroll","background-type":"","background-media":"","overlay-type":"","overlay-color":"","overlay-opacity":"","overlay-gradient":""},"tablet":{"background-color":"var(--ast-global-color-5)","background-image":"","background-repeat":"repeat","background-position":"center center","background-size":"auto","background-attachment":"scroll","background-type":"","background-media":"","overlay-type":"","overlay-color":"","overlay-opacity":"","overlay-gradient":""},"mobile":{"background-color":"var(--ast-global-color-5)","background-image":"","background-repeat":"repeat","background-position":"center center","background-size":"auto","background-attachment":"scroll","background-type":"","background-media":"","overlay-type":"","overlay-color":"","overlay-opacity":"","overlay-gradient":""}},"footnotes":""},"class_list":["post-300","page","type-page","status-publish","hentry"],"yoast_head":"<!-- This site is optimized with the Yoast SEO plugin v27.1.1 - https:\/\/yoast.com\/product\/yoast-seo-wordpress\/ -->\n<title>Filosofia - Mextal<\/title>\n<meta name=\"robots\" content=\"index, follow, max-snippet:-1, max-image-preview:large, max-video-preview:-1\" \/>\n<link rel=\"canonical\" href=\"https:\/\/mextal.com.mx\/?page_id=300\" \/>\n<meta property=\"og:locale\" content=\"es_ES\" \/>\n<meta property=\"og:type\" content=\"article\" \/>\n<meta property=\"og:title\" content=\"Filosofia - Mextal\" \/>\n<meta property=\"og:description\" content=\"Nuestra filosof\u00eda MISI\u00d3N Transformar ideas en espacios funcionales, facilitar el dise\u00f1o, la remodelaci\u00f3n y la gesti\u00f3n de la construcci\u00f3n mediante tecnolog\u00eda de vanguardia, proporcionar soluciones integrales de mantenimiento preventivo y correctivo, garantizando la m\u00e1xima operatividad, seguridad y eficiencia de los equipos de nuestros clientes con el uso de tecnolog\u00eda eficiente y personal altamente capacitado. VISI\u00d3N\" \/>\n<meta property=\"og:url\" content=\"https:\/\/mextal.com.mx\/?page_id=300\" \/>\n<meta property=\"og:site_name\" content=\"Mextal\" \/>\n<meta property=\"article:modified_time\" content=\"2026-03-08T02:28:20+00:00\" \/>\n<meta property=\"og:image\" content=\"https:\/\/mextal.com.mx\/wp-content\/uploads\/2026\/03\/paul-skorupskas-7KLa-xLbSXA-unsplash-scaled.jpg\" \/>\n\t<meta property=\"og:image:width\" content=\"2560\" \/>\n\t<meta property=\"og:image:height\" content=\"1707\" \/>\n\t<meta property=\"og:image:type\" content=\"image\/jpeg\" \/>\n<meta name=\"twitter:card\" content=\"summary_large_image\" \/>\n<script type=\"application\/ld+json\" class=\"yoast-schema-graph\">{\"@context\":\"https:\/\/schema.org\",\"@graph\":[{\"@type\":\"WebPage\",\"@id\":\"https:\/\/mextal.com.mx\/?page_id=300\",\"url\":\"https:\/\/mextal.com.mx\/?page_id=300\",\"name\":\"Filosofia - Mextal\",\"isPartOf\":{\"@id\":\"https:\/\/mextal.com.mx\/#website\"},\"primaryImageOfPage\":{\"@id\":\"https:\/\/mextal.com.mx\/?page_id=300#primaryimage\"},\"image\":{\"@id\":\"https:\/\/mextal.com.mx\/?page_id=300#primaryimage\"},\"thumbnailUrl\":\"https:\/\/mextal.com.mx\/wp-content\/uploads\/2026\/03\/paul-skorupskas-7KLa-xLbSXA-unsplash-1024x683.jpg\",\"datePublished\":\"2026-03-08T02:21:53+00:00\",\"dateModified\":\"2026-03-08T02:28:20+00:00\",\"breadcrumb\":{\"@id\":\"https:\/\/mextal.com.mx\/?page_id=300#breadcrumb\"},\"inLanguage\":\"es\",\"potentialAction\":[{\"@type\":\"ReadAction\",\"target\":[\"https:\/\/mextal.com.mx\/?page_id=300\"]}]},{\"@type\":\"ImageObject\",\"inLanguage\":\"es\",\"@id\":\"https:\/\/mextal.com.mx\/?page_id=300#primaryimage\",\"url\":\"https:\/\/mextal.com.mx\/wp-content\/uploads\/2026\/03\/paul-skorupskas-7KLa-xLbSXA-unsplash-scaled.jpg\",\"contentUrl\":\"https:\/\/mextal.com.mx\/wp-content\/uploads\/2026\/03\/paul-skorupskas-7KLa-xLbSXA-unsplash-scaled.jpg\",\"width\":2560,\"height\":1707},{\"@type\":\"BreadcrumbList\",\"@id\":\"https:\/\/mextal.com.mx\/?page_id=300#breadcrumb\",\"itemListElement\":[{\"@type\":\"ListItem\",\"position\":1,\"name\":\"Portada\",\"item\":\"https:\/\/mextal.com.mx\/\"},{\"@type\":\"ListItem\",\"position\":2,\"name\":\"Filosofia\"}]},{\"@type\":\"WebSite\",\"@id\":\"https:\/\/mextal.com.mx\/#website\",\"url\":\"https:\/\/mextal.com.mx\/\",\"name\":\"Mextal\",\"description\":\"\",\"publisher\":{\"@id\":\"https:\/\/mextal.com.mx\/#organization\"},\"potentialAction\":[{\"@type\":\"SearchAction\",\"target\":{\"@type\":\"EntryPoint\",\"urlTemplate\":\"https:\/\/mextal.com.mx\/?s={search_term_string}\"},\"query-input\":{\"@type\":\"PropertyValueSpecification\",\"valueRequired\":true,\"valueName\":\"search_term_string\"}}],\"inLanguage\":\"es\"},{\"@type\":\"Organization\",\"@id\":\"https:\/\/mextal.com.mx\/#organization\",\"name\":\"Mextal\",\"url\":\"https:\/\/mextal.com.mx\/\",\"logo\":{\"@type\":\"ImageObject\",\"inLanguage\":\"es\",\"@id\":\"https:\/\/mextal.com.mx\/#\/schema\/logo\/image\/\",\"url\":\"https:\/\/mextal.com.mx\/wp-content\/uploads\/2023\/03\/cropped-logo-sin-eslogaslado-izquierdo-png.png\",\"contentUrl\":\"https:\/\/mextal.com.mx\/wp-content\/uploads\/2023\/03\/cropped-logo-sin-eslogaslado-izquierdo-png.png\",\"width\":1280,\"height\":378,\"caption\":\"Mextal\"},\"image\":{\"@id\":\"https:\/\/mextal.com.mx\/#\/schema\/logo\/image\/\"}}]}<\/script>\n<!-- \/ Yoast SEO plugin. -->","yoast_head_json":{"title":"Filosofia - Mextal","robots":{"index":"index","follow":"follow","max-snippet":"max-snippet:-1","max-image-preview":"max-image-preview:large","max-video-preview":"max-video-preview:-1"},"canonical":"https:\/\/mextal.com.mx\/?page_id=300","og_locale":"es_ES","og_type":"article","og_title":"Filosofia - Mextal","og_description":"Nuestra filosof\u00eda MISI\u00d3N Transformar ideas en espacios funcionales, facilitar el dise\u00f1o, la remodelaci\u00f3n y la gesti\u00f3n de la construcci\u00f3n mediante tecnolog\u00eda de vanguardia, proporcionar soluciones integrales de mantenimiento preventivo y correctivo, garantizando la m\u00e1xima operatividad, seguridad y eficiencia de los equipos de nuestros clientes con el uso de tecnolog\u00eda eficiente y personal altamente capacitado. VISI\u00d3N","og_url":"https:\/\/mextal.com.mx\/?page_id=300","og_site_name":"Mextal","article_modified_time":"2026-03-08T02:28:20+00:00","og_image":[{"width":2560,"height":1707,"url":"https:\/\/mextal.com.mx\/wp-content\/uploads\/2026\/03\/paul-skorupskas-7KLa-xLbSXA-unsplash-scaled.jpg","type":"image\/jpeg"}],"twitter_card":"summary_large_image","schema":{"@context":"https:\/\/schema.org","@graph":[{"@type":"WebPage","@id":"https:\/\/mextal.com.mx\/?page_id=300","url":"https:\/\/mextal.com.mx\/?page_id=300","name":"Filosofia - Mextal","isPartOf":{"@id":"https:\/\/mextal.com.mx\/#website"},"primaryImageOfPage":{"@id":"https:\/\/mextal.com.mx\/?page_id=300#primaryimage"},"image":{"@id":"https:\/\/mextal.com.mx\/?page_id=300#primaryimage"},"thumbnailUrl":"https:\/\/mextal.com.mx\/wp-content\/uploads\/2026\/03\/paul-skorupskas-7KLa-xLbSXA-unsplash-1024x683.jpg","datePublished":"2026-03-08T02:21:53+00:00","dateModified":"2026-03-08T02:28:20+00:00","breadcrumb":{"@id":"https:\/\/mextal.com.mx\/?page_id=300#breadcrumb"},"inLanguage":"es","potentialAction":[{"@type":"ReadAction","target":["https:\/\/mextal.com.mx\/?page_id=300"]}]},{"@type":"ImageObject","inLanguage":"es","@id":"https:\/\/mextal.com.mx\/?page_id=300#primaryimage","url":"https:\/\/mextal.com.mx\/wp-content\/uploads\/2026\/03\/paul-skorupskas-7KLa-xLbSXA-unsplash-scaled.jpg","contentUrl":"https:\/\/mextal.com.mx\/wp-content\/uploads\/2026\/03\/paul-skorupskas-7KLa-xLbSXA-unsplash-scaled.jpg","width":2560,"height":1707},{"@type":"BreadcrumbList","@id":"https:\/\/mextal.com.mx\/?page_id=300#breadcrumb","itemListElement":[{"@type":"ListItem","position":1,"name":"Portada","item":"https:\/\/mextal.com.mx\/"},{"@type":"ListItem","position":2,"name":"Filosofia"}]},{"@type":"WebSite","@id":"https:\/\/mextal.com.mx\/#website","url":"https:\/\/mextal.com.mx\/","name":"Mextal","description":"","publisher":{"@id":"https:\/\/mextal.com.mx\/#organization"},"potentialAction":[{"@type":"SearchAction","target":{"@type":"EntryPoint","urlTemplate":"https:\/\/mextal.com.mx\/?s={search_term_string}"},"query-input":{"@type":"PropertyValueSpecification","valueRequired":true,"valueName":"search_term_string"}}],"inLanguage":"es"},{"@type":"Organization","@id":"https:\/\/mextal.com.mx\/#organization","name":"Mextal","url":"https:\/\/mextal.com.mx\/","logo":{"@type":"ImageObject","inLanguage":"es","@id":"https:\/\/mextal.com.mx\/#\/schema\/logo\/image\/","url":"https:\/\/mextal.com.mx\/wp-content\/uploads\/2023\/03\/cropped-logo-sin-eslogaslado-izquierdo-png.png","contentUrl":"https:\/\/mextal.com.mx\/wp-content\/uploads\/2023\/03\/cropped-logo-sin-eslogaslado-izquierdo-png.png","width":1280,"height":378,"caption":"Mextal"},"image":{"@id":"https:\/\/mextal.com.mx\/#\/schema\/logo\/image\/"}}]}},"_links":{"self":[{"href":"https:\/\/mextal.com.mx\/index.php?rest_route=\/wp\/v2\/pages\/300","targetHints":{"allow":["GET"]}}],"collection":[{"href":"https:\/\/mextal.com.mx\/index.php?rest_route=\/wp\/v2\/pages"}],"about":[{"href":"https:\/\/mextal.com.mx\/index.php?rest_route=\/wp\/v2\/types\/page"}],"author":[{"embeddable":true,"href":"https:\/\/mextal.com.mx\/index.php?rest_route=\/wp\/v2\/users\/82"}],"replies":[{"embeddable":true,"href":"https:\/\/mextal.com.mx\/index.php?rest_route=%2Fwp%2Fv2%2Fcomments&post=300"}],"version-history":[{"count":16,"href":"https:\/\/mextal.com.mx\/index.php?rest_route=\/wp\/v2\/pages\/300\/revisions"}],"predecessor-version":[{"id":332,"href":"https:\/\/mextal.com.mx\/index.php?rest_route=\/wp\/v2\/pages\/300\/revisions\/332"}],"wp:attachment":[{"href":"https:\/\/mextal.com.mx\/index.php?rest_route=%2Fwp%2Fv2%2Fmedia&parent=300"}],"curies":[{"name":"wp","href":"https:\/\/api.w.org\/{rel}","templated":true}]}}